{"id":8089,"date":"2025-04-22T08:05:11","date_gmt":"2025-04-22T08:05:11","guid":{"rendered":"https:\/\/getyourlawyer.fr\/droit-des-entreprises\/reussir-sa-sortie-les-7-strategies-que-les-fondateurs-doivent-connaitre\/"},"modified":"2025-10-22T18:51:36","modified_gmt":"2025-10-22T18:51:36","slug":"reussir-sa-sortie-les-7-strategies-que-les-fondateurs-doivent-connaitre","status":"publish","type":"page","link":"https:\/\/getyourlawyer.fr\/fr\/droit-des-entreprises\/reussir-sa-sortie-les-7-strategies-que-les-fondateurs-doivent-connaitre\/","title":{"rendered":"R\u00e9ussir sa sortie : les 7 strat\u00e9gies que les fondateurs doivent conna\u00eetre"},"content":{"rendered":"","protected":false},"excerpt":{"rendered":"","protected":false},"author":1,"featured_media":0,"parent":7652,"menu_order":180,"comment_status":"closed","ping_status":"closed","template":"page-law-detail.php","meta":{"_acf_changed":false,"footnotes":""},"class_list":["post-8089","page","type-page","status-publish","hentry"],"acf":[],"_links":{"self":[{"href":"https:\/\/getyourlawyer.fr\/fr\/wp-json\/wp\/v2\/pages\/8089","targetHints":{"allow":["GET"]}}],"collection":[{"href":"https:\/\/getyourlawyer.fr\/fr\/wp-json\/wp\/v2\/pages"}],"about":[{"href":"https:\/\/getyourlawyer.fr\/fr\/wp-json\/wp\/v2\/types\/page"}],"author":[{"embeddable":true,"href":"https:\/\/getyourlawyer.fr\/fr\/wp-json\/wp\/v2\/users\/1"}],"replies":[{"embeddable":true,"href":"https:\/\/getyourlawyer.fr\/fr\/wp-json\/wp\/v2\/comments?post=8089"}],"version-history":[{"count":1,"href":"https:\/\/getyourlawyer.fr\/fr\/wp-json\/wp\/v2\/pages\/8089\/revisions"}],"predecessor-version":[{"id":8092,"href":"https:\/\/getyourlawyer.fr\/fr\/wp-json\/wp\/v2\/pages\/8089\/revisions\/8092"}],"up":[{"embeddable":true,"href":"https:\/\/getyourlawyer.fr\/fr\/wp-json\/wp\/v2\/pages\/7652"}],"wp:attachment":[{"href":"https:\/\/getyourlawyer.fr\/fr\/wp-json\/wp\/v2\/media?parent=8089"}],"curies":[{"name":"wp","href":"https:\/\/api.w.org\/{rel}","templated":true}]}}