{"id":8086,"date":"2025-04-22T07:23:41","date_gmt":"2025-04-22T07:23:41","guid":{"rendered":"https:\/\/getyourlawyer.fr\/droit-des-entreprises\/5-regles-importantes-pour-eviter-les-conflits-entre-associes\/"},"modified":"2025-10-22T18:51:30","modified_gmt":"2025-10-22T18:51:30","slug":"5-regles-importantes-pour-eviter-les-conflits-entre-associes","status":"publish","type":"page","link":"https:\/\/getyourlawyer.fr\/fr\/droit-des-entreprises\/5-regles-importantes-pour-eviter-les-conflits-entre-associes\/","title":{"rendered":"5 r\u00e8gles importantes pour \u00e9viter les conflits entre associ\u00e9s"},"content":{"rendered":"","protected":false},"excerpt":{"rendered":"","protected":false},"author":1,"featured_media":0,"parent":7652,"menu_order":94,"comment_status":"closed","ping_status":"closed","template":"page-law-detail.php","meta":{"_acf_changed":false,"footnotes":""},"class_list":["post-8086","page","type-page","status-publish","hentry"],"acf":[],"_links":{"self":[{"href":"https:\/\/getyourlawyer.fr\/fr\/wp-json\/wp\/v2\/pages\/8086","targetHints":{"allow":["GET"]}}],"collection":[{"href":"https:\/\/getyourlawyer.fr\/fr\/wp-json\/wp\/v2\/pages"}],"about":[{"href":"https:\/\/getyourlawyer.fr\/fr\/wp-json\/wp\/v2\/types\/page"}],"author":[{"embeddable":true,"href":"https:\/\/getyourlawyer.fr\/fr\/wp-json\/wp\/v2\/users\/1"}],"replies":[{"embeddable":true,"href":"https:\/\/getyourlawyer.fr\/fr\/wp-json\/wp\/v2\/comments?post=8086"}],"version-history":[{"count":1,"href":"https:\/\/getyourlawyer.fr\/fr\/wp-json\/wp\/v2\/pages\/8086\/revisions"}],"predecessor-version":[{"id":8088,"href":"https:\/\/getyourlawyer.fr\/fr\/wp-json\/wp\/v2\/pages\/8086\/revisions\/8088"}],"up":[{"embeddable":true,"href":"https:\/\/getyourlawyer.fr\/fr\/wp-json\/wp\/v2\/pages\/7652"}],"wp:attachment":[{"href":"https:\/\/getyourlawyer.fr\/fr\/wp-json\/wp\/v2\/media?parent=8086"}],"curies":[{"name":"wp","href":"https:\/\/api.w.org\/{rel}","templated":true}]}}