{"id":8057,"date":"2025-04-22T07:03:06","date_gmt":"2025-04-22T07:03:06","guid":{"rendered":"https:\/\/getyourlawyer.fr\/droit-des-entreprises\/comment-reagir-correctement-a-une-mise-en-demeure-en-matiere-de-marques\/"},"modified":"2025-10-22T18:50:37","modified_gmt":"2025-10-22T18:50:37","slug":"comment-reagir-correctement-a-une-mise-en-demeure-en-matiere-de-marques","status":"publish","type":"page","link":"https:\/\/getyourlawyer.fr\/fr\/droit-des-entreprises\/comment-reagir-correctement-a-une-mise-en-demeure-en-matiere-de-marques\/","title":{"rendered":"Comment r\u00e9agir correctement \u00e0 une mise en demeure en mati\u00e8re de marques ?"},"content":{"rendered":"","protected":false},"excerpt":{"rendered":"","protected":false},"author":1,"featured_media":0,"parent":7652,"menu_order":340,"comment_status":"closed","ping_status":"closed","template":"page-law-detail.php","meta":{"_acf_changed":false,"footnotes":""},"class_list":["post-8057","page","type-page","status-publish","hentry"],"acf":[],"_links":{"self":[{"href":"https:\/\/getyourlawyer.fr\/fr\/wp-json\/wp\/v2\/pages\/8057","targetHints":{"allow":["GET"]}}],"collection":[{"href":"https:\/\/getyourlawyer.fr\/fr\/wp-json\/wp\/v2\/pages"}],"about":[{"href":"https:\/\/getyourlawyer.fr\/fr\/wp-json\/wp\/v2\/types\/page"}],"author":[{"embeddable":true,"href":"https:\/\/getyourlawyer.fr\/fr\/wp-json\/wp\/v2\/users\/1"}],"replies":[{"embeddable":true,"href":"https:\/\/getyourlawyer.fr\/fr\/wp-json\/wp\/v2\/comments?post=8057"}],"version-history":[{"count":1,"href":"https:\/\/getyourlawyer.fr\/fr\/wp-json\/wp\/v2\/pages\/8057\/revisions"}],"predecessor-version":[{"id":8059,"href":"https:\/\/getyourlawyer.fr\/fr\/wp-json\/wp\/v2\/pages\/8057\/revisions\/8059"}],"up":[{"embeddable":true,"href":"https:\/\/getyourlawyer.fr\/fr\/wp-json\/wp\/v2\/pages\/7652"}],"wp:attachment":[{"href":"https:\/\/getyourlawyer.fr\/fr\/wp-json\/wp\/v2\/media?parent=8057"}],"curies":[{"name":"wp","href":"https:\/\/api.w.org\/{rel}","templated":true}]}}