{"id":8038,"date":"2025-04-22T06:40:03","date_gmt":"2025-04-22T06:40:03","guid":{"rendered":"https:\/\/getyourlawyer.fr\/droit-des-entreprises\/une-societe-a-responsabilite-limitee-peut-elle-reprendre-une-entreprise-individuelle\/"},"modified":"2025-10-22T18:50:04","modified_gmt":"2025-10-22T18:50:04","slug":"une-societe-a-responsabilite-limitee-peut-elle-reprendre-une-entreprise-individuelle","status":"publish","type":"page","link":"https:\/\/getyourlawyer.fr\/fr\/droit-des-entreprises\/une-societe-a-responsabilite-limitee-peut-elle-reprendre-une-entreprise-individuelle\/","title":{"rendered":"Une soci\u00e9t\u00e9 \u00e0 responsabilit\u00e9 limit\u00e9e peut-elle reprendre une entreprise individuelle ?"},"content":{"rendered":"","protected":false},"excerpt":{"rendered":"","protected":false},"author":1,"featured_media":0,"parent":7652,"menu_order":230,"comment_status":"closed","ping_status":"closed","template":"page-law-detail.php","meta":{"_acf_changed":false,"footnotes":""},"class_list":["post-8038","page","type-page","status-publish","hentry"],"acf":[],"_links":{"self":[{"href":"https:\/\/getyourlawyer.fr\/fr\/wp-json\/wp\/v2\/pages\/8038","targetHints":{"allow":["GET"]}}],"collection":[{"href":"https:\/\/getyourlawyer.fr\/fr\/wp-json\/wp\/v2\/pages"}],"about":[{"href":"https:\/\/getyourlawyer.fr\/fr\/wp-json\/wp\/v2\/types\/page"}],"author":[{"embeddable":true,"href":"https:\/\/getyourlawyer.fr\/fr\/wp-json\/wp\/v2\/users\/1"}],"replies":[{"embeddable":true,"href":"https:\/\/getyourlawyer.fr\/fr\/wp-json\/wp\/v2\/comments?post=8038"}],"version-history":[{"count":1,"href":"https:\/\/getyourlawyer.fr\/fr\/wp-json\/wp\/v2\/pages\/8038\/revisions"}],"predecessor-version":[{"id":8040,"href":"https:\/\/getyourlawyer.fr\/fr\/wp-json\/wp\/v2\/pages\/8038\/revisions\/8040"}],"up":[{"embeddable":true,"href":"https:\/\/getyourlawyer.fr\/fr\/wp-json\/wp\/v2\/pages\/7652"}],"wp:attachment":[{"href":"https:\/\/getyourlawyer.fr\/fr\/wp-json\/wp\/v2\/media?parent=8038"}],"curies":[{"name":"wp","href":"https:\/\/api.w.org\/{rel}","templated":true}]}}