{"id":8021,"date":"2025-05-02T07:30:08","date_gmt":"2025-05-02T07:30:08","guid":{"rendered":"https:\/\/getyourlawyer.fr\/droit-de-la-famille\/le-droit-de-determiner-le-lieu-de-residence-en-cas-de-garde-alternee-wechselmodell\/"},"modified":"2025-10-21T17:50:05","modified_gmt":"2025-10-21T17:50:05","slug":"le-droit-de-determiner-le-lieu-de-residence-en-cas-de-garde-alternee-wechselmodell","status":"publish","type":"page","link":"https:\/\/getyourlawyer.fr\/fr\/droit-de-la-famille\/le-droit-de-determiner-le-lieu-de-residence-en-cas-de-garde-alternee-wechselmodell\/","title":{"rendered":"Le droit de d\u00e9terminer le lieu de r\u00e9sidence en cas de garde altern\u00e9e (Wechselmodell)"},"content":{"rendered":"","protected":false},"excerpt":{"rendered":"","protected":false},"author":1,"featured_media":0,"parent":7654,"menu_order":346,"comment_status":"closed","ping_status":"closed","template":"page-law-detail.php","meta":{"_acf_changed":false,"footnotes":""},"class_list":["post-8021","page","type-page","status-publish","hentry"],"acf":[],"_links":{"self":[{"href":"https:\/\/getyourlawyer.fr\/fr\/wp-json\/wp\/v2\/pages\/8021","targetHints":{"allow":["GET"]}}],"collection":[{"href":"https:\/\/getyourlawyer.fr\/fr\/wp-json\/wp\/v2\/pages"}],"about":[{"href":"https:\/\/getyourlawyer.fr\/fr\/wp-json\/wp\/v2\/types\/page"}],"author":[{"embeddable":true,"href":"https:\/\/getyourlawyer.fr\/fr\/wp-json\/wp\/v2\/users\/1"}],"replies":[{"embeddable":true,"href":"https:\/\/getyourlawyer.fr\/fr\/wp-json\/wp\/v2\/comments?post=8021"}],"version-history":[{"count":1,"href":"https:\/\/getyourlawyer.fr\/fr\/wp-json\/wp\/v2\/pages\/8021\/revisions"}],"predecessor-version":[{"id":8022,"href":"https:\/\/getyourlawyer.fr\/fr\/wp-json\/wp\/v2\/pages\/8021\/revisions\/8022"}],"up":[{"embeddable":true,"href":"https:\/\/getyourlawyer.fr\/fr\/wp-json\/wp\/v2\/pages\/7654"}],"wp:attachment":[{"href":"https:\/\/getyourlawyer.fr\/fr\/wp-json\/wp\/v2\/media?parent=8021"}],"curies":[{"name":"wp","href":"https:\/\/api.w.org\/{rel}","templated":true}]}}