{"id":8020,"date":"2025-05-02T08:53:24","date_gmt":"2025-05-02T08:53:24","guid":{"rendered":"https:\/\/getyourlawyer.fr\/droit-de-la-famille\/regime-matrimonial-de-la-separation-de-biens-en-suisse-avantages-et-inconvenients\/"},"modified":"2025-10-21T17:50:05","modified_gmt":"2025-10-21T17:50:05","slug":"regime-matrimonial-de-la-separation-de-biens-en-suisse-avantages-et-inconvenients","status":"publish","type":"page","link":"https:\/\/getyourlawyer.fr\/fr\/droit-de-la-famille\/regime-matrimonial-de-la-separation-de-biens-en-suisse-avantages-et-inconvenients\/","title":{"rendered":"R\u00e9gime matrimonial de la s\u00e9paration de biens en Suisse : avantages et inconv\u00e9nients"},"content":{"rendered":"","protected":false},"excerpt":{"rendered":"","protected":false},"author":1,"featured_media":0,"parent":7654,"menu_order":22,"comment_status":"closed","ping_status":"closed","template":"page-law-detail.php","meta":{"_acf_changed":false,"footnotes":""},"class_list":["post-8020","page","type-page","status-publish","hentry"],"acf":[],"_links":{"self":[{"href":"https:\/\/getyourlawyer.fr\/fr\/wp-json\/wp\/v2\/pages\/8020","targetHints":{"allow":["GET"]}}],"collection":[{"href":"https:\/\/getyourlawyer.fr\/fr\/wp-json\/wp\/v2\/pages"}],"about":[{"href":"https:\/\/getyourlawyer.fr\/fr\/wp-json\/wp\/v2\/types\/page"}],"author":[{"embeddable":true,"href":"https:\/\/getyourlawyer.fr\/fr\/wp-json\/wp\/v2\/users\/1"}],"replies":[{"embeddable":true,"href":"https:\/\/getyourlawyer.fr\/fr\/wp-json\/wp\/v2\/comments?post=8020"}],"version-history":[{"count":1,"href":"https:\/\/getyourlawyer.fr\/fr\/wp-json\/wp\/v2\/pages\/8020\/revisions"}],"predecessor-version":[{"id":8023,"href":"https:\/\/getyourlawyer.fr\/fr\/wp-json\/wp\/v2\/pages\/8020\/revisions\/8023"}],"up":[{"embeddable":true,"href":"https:\/\/getyourlawyer.fr\/fr\/wp-json\/wp\/v2\/pages\/7654"}],"wp:attachment":[{"href":"https:\/\/getyourlawyer.fr\/fr\/wp-json\/wp\/v2\/media?parent=8020"}],"curies":[{"name":"wp","href":"https:\/\/api.w.org\/{rel}","templated":true}]}}