{"id":8017,"date":"2025-05-02T06:38:29","date_gmt":"2025-05-02T06:38:29","guid":{"rendered":"https:\/\/getyourlawyer.fr\/droit-de-la-famille\/ces-couts-sont-lies-a-un-divorce-en-suisse\/"},"modified":"2025-10-21T17:49:59","modified_gmt":"2025-10-21T17:49:59","slug":"ces-couts-sont-lies-a-un-divorce-en-suisse","status":"publish","type":"page","link":"https:\/\/getyourlawyer.fr\/fr\/droit-de-la-famille\/ces-couts-sont-lies-a-un-divorce-en-suisse\/","title":{"rendered":"Ces co\u00fbts sont li\u00e9s \u00e0 un divorce en Suisse"},"content":{"rendered":"","protected":false},"excerpt":{"rendered":"","protected":false},"author":1,"featured_media":0,"parent":7654,"menu_order":426,"comment_status":"closed","ping_status":"closed","template":"page-law-detail.php","meta":{"_acf_changed":false,"footnotes":""},"class_list":["post-8017","page","type-page","status-publish","hentry"],"acf":[],"_links":{"self":[{"href":"https:\/\/getyourlawyer.fr\/fr\/wp-json\/wp\/v2\/pages\/8017","targetHints":{"allow":["GET"]}}],"collection":[{"href":"https:\/\/getyourlawyer.fr\/fr\/wp-json\/wp\/v2\/pages"}],"about":[{"href":"https:\/\/getyourlawyer.fr\/fr\/wp-json\/wp\/v2\/types\/page"}],"author":[{"embeddable":true,"href":"https:\/\/getyourlawyer.fr\/fr\/wp-json\/wp\/v2\/users\/1"}],"replies":[{"embeddable":true,"href":"https:\/\/getyourlawyer.fr\/fr\/wp-json\/wp\/v2\/comments?post=8017"}],"version-history":[{"count":1,"href":"https:\/\/getyourlawyer.fr\/fr\/wp-json\/wp\/v2\/pages\/8017\/revisions"}],"predecessor-version":[{"id":8019,"href":"https:\/\/getyourlawyer.fr\/fr\/wp-json\/wp\/v2\/pages\/8017\/revisions\/8019"}],"up":[{"embeddable":true,"href":"https:\/\/getyourlawyer.fr\/fr\/wp-json\/wp\/v2\/pages\/7654"}],"wp:attachment":[{"href":"https:\/\/getyourlawyer.fr\/fr\/wp-json\/wp\/v2\/media?parent=8017"}],"curies":[{"name":"wp","href":"https:\/\/api.w.org\/{rel}","templated":true}]}}