{"id":7957,"date":"2025-05-02T10:46:41","date_gmt":"2025-05-02T10:46:41","guid":{"rendered":"https:\/\/getyourlawyer.fr\/droit-de-la-famille\/lautorite-parentale-apres-le-divorce-cadre-juridique-et-informations-generales\/"},"modified":"2025-10-21T17:47:52","modified_gmt":"2025-10-21T17:47:52","slug":"lautorite-parentale-apres-le-divorce-cadre-juridique-et-informations-generales","status":"publish","type":"page","link":"https:\/\/getyourlawyer.fr\/fr\/droit-de-la-famille\/lautorite-parentale-apres-le-divorce-cadre-juridique-et-informations-generales\/","title":{"rendered":"L&rsquo;autorit\u00e9 parentale apr\u00e8s le divorce : cadre juridique et informations g\u00e9n\u00e9rales"},"content":{"rendered":"","protected":false},"excerpt":{"rendered":"","protected":false},"author":1,"featured_media":0,"parent":7654,"menu_order":22,"comment_status":"closed","ping_status":"closed","template":"page-law-detail.php","meta":{"_acf_changed":false,"footnotes":""},"class_list":["post-7957","page","type-page","status-publish","hentry"],"acf":[],"_links":{"self":[{"href":"https:\/\/getyourlawyer.fr\/fr\/wp-json\/wp\/v2\/pages\/7957","targetHints":{"allow":["GET"]}}],"collection":[{"href":"https:\/\/getyourlawyer.fr\/fr\/wp-json\/wp\/v2\/pages"}],"about":[{"href":"https:\/\/getyourlawyer.fr\/fr\/wp-json\/wp\/v2\/types\/page"}],"author":[{"embeddable":true,"href":"https:\/\/getyourlawyer.fr\/fr\/wp-json\/wp\/v2\/users\/1"}],"replies":[{"embeddable":true,"href":"https:\/\/getyourlawyer.fr\/fr\/wp-json\/wp\/v2\/comments?post=7957"}],"version-history":[{"count":1,"href":"https:\/\/getyourlawyer.fr\/fr\/wp-json\/wp\/v2\/pages\/7957\/revisions"}],"predecessor-version":[{"id":7958,"href":"https:\/\/getyourlawyer.fr\/fr\/wp-json\/wp\/v2\/pages\/7957\/revisions\/7958"}],"up":[{"embeddable":true,"href":"https:\/\/getyourlawyer.fr\/fr\/wp-json\/wp\/v2\/pages\/7654"}],"wp:attachment":[{"href":"https:\/\/getyourlawyer.fr\/fr\/wp-json\/wp\/v2\/media?parent=7957"}],"curies":[{"name":"wp","href":"https:\/\/api.w.org\/{rel}","templated":true}]}}