{"id":4671,"date":"2025-04-22T07:06:50","date_gmt":"2025-04-22T07:06:50","guid":{"rendered":"https:\/\/getyourlawyer.fr\/?page_id=4671"},"modified":"2025-12-10T17:07:43","modified_gmt":"2025-12-10T17:07:43","slug":"comment-formuler-une-strategie-de-protection-de-ma-propriete-intellectuelle","status":"publish","type":"page","link":"https:\/\/getyourlawyer.fr\/en\/ressourcen\/guide\/corporate-law\/how-can-i-develop-a-protection-strategy-for-my-intellectual-property\/","title":{"rendered":"Comment formuler une strat\u00e9gie de protection de ma propri\u00e9t\u00e9 intellectuelle ?"},"content":{"rendered":"","protected":false},"excerpt":{"rendered":"","protected":false},"author":6,"featured_media":0,"parent":0,"menu_order":440,"comment_status":"closed","ping_status":"closed","template":"page-law-detail.php","meta":{"_acf_changed":false,"footnotes":""},"class_list":["post-4671","page","type-page","status-publish","hentry"],"acf":[],"_links":{"self":[{"href":"https:\/\/getyourlawyer.fr\/en\/wp-json\/wp\/v2\/pages\/4671","targetHints":{"allow":["GET"]}}],"collection":[{"href":"https:\/\/getyourlawyer.fr\/en\/wp-json\/wp\/v2\/pages"}],"about":[{"href":"https:\/\/getyourlawyer.fr\/en\/wp-json\/wp\/v2\/types\/page"}],"author":[{"embeddable":true,"href":"https:\/\/getyourlawyer.fr\/en\/wp-json\/wp\/v2\/users\/6"}],"replies":[{"embeddable":true,"href":"https:\/\/getyourlawyer.fr\/en\/wp-json\/wp\/v2\/comments?post=4671"}],"version-history":[{"count":2,"href":"https:\/\/getyourlawyer.fr\/en\/wp-json\/wp\/v2\/pages\/4671\/revisions"}],"predecessor-version":[{"id":8403,"href":"https:\/\/getyourlawyer.fr\/en\/wp-json\/wp\/v2\/pages\/4671\/revisions\/8403"}],"wp:attachment":[{"href":"https:\/\/getyourlawyer.fr\/en\/wp-json\/wp\/v2\/media?parent=4671"}],"curies":[{"name":"wp","href":"https:\/\/api.w.org\/{rel}","templated":true}]}}