{"id":4662,"date":"2025-04-22T06:09:24","date_gmt":"2025-04-22T06:09:24","guid":{"rendered":"https:\/\/getyourlawyer.fr\/?page_id=4662"},"modified":"2025-12-10T17:06:14","modified_gmt":"2025-12-10T17:06:14","slug":"comment-transformer-votre-entreprise-individuelle-en-une-societe-a-responsabilite-limitee","status":"publish","type":"page","link":"https:\/\/getyourlawyer.fr\/en\/ressourcen\/guide\/corporate-law\/how-to-convert-your-sole-proprietorship-into-an-ltd\/","title":{"rendered":"Comment transformer votre entreprise individuelle en une soci\u00e9t\u00e9 \u00e0 responsabilit\u00e9 limit\u00e9e ?"},"content":{"rendered":"","protected":false},"excerpt":{"rendered":"","protected":false},"author":6,"featured_media":0,"parent":0,"menu_order":480,"comment_status":"closed","ping_status":"closed","template":"page-law-detail.php","meta":{"_acf_changed":false,"footnotes":""},"class_list":["post-4662","page","type-page","status-publish","hentry"],"acf":[],"_links":{"self":[{"href":"https:\/\/getyourlawyer.fr\/en\/wp-json\/wp\/v2\/pages\/4662","targetHints":{"allow":["GET"]}}],"collection":[{"href":"https:\/\/getyourlawyer.fr\/en\/wp-json\/wp\/v2\/pages"}],"about":[{"href":"https:\/\/getyourlawyer.fr\/en\/wp-json\/wp\/v2\/types\/page"}],"author":[{"embeddable":true,"href":"https:\/\/getyourlawyer.fr\/en\/wp-json\/wp\/v2\/users\/6"}],"replies":[{"embeddable":true,"href":"https:\/\/getyourlawyer.fr\/en\/wp-json\/wp\/v2\/comments?post=4662"}],"version-history":[{"count":2,"href":"https:\/\/getyourlawyer.fr\/en\/wp-json\/wp\/v2\/pages\/4662\/revisions"}],"predecessor-version":[{"id":8394,"href":"https:\/\/getyourlawyer.fr\/en\/wp-json\/wp\/v2\/pages\/4662\/revisions\/8394"}],"wp:attachment":[{"href":"https:\/\/getyourlawyer.fr\/en\/wp-json\/wp\/v2\/media?parent=4662"}],"curies":[{"name":"wp","href":"https:\/\/api.w.org\/{rel}","templated":true}]}}