{"id":4655,"date":"2025-04-22T06:16:22","date_gmt":"2025-04-22T06:16:22","guid":{"rendered":"https:\/\/getyourlawyer.fr\/?page_id=4655"},"modified":"2025-12-10T17:06:24","modified_gmt":"2025-12-10T17:06:24","slug":"comment-creer-une-societe-anonyme-sa","status":"publish","type":"page","link":"https:\/\/getyourlawyer.fr\/en\/ressourcen\/guide\/corporate-law\/how-to-establish-a-plc-a-step-by-step-guide\/","title":{"rendered":"Comment cr\u00e9er une soci\u00e9t\u00e9 anonyme (SA) ?"},"content":{"rendered":"","protected":false},"excerpt":{"rendered":"","protected":false},"author":6,"featured_media":0,"parent":0,"menu_order":460,"comment_status":"closed","ping_status":"closed","template":"page-law-detail.php","meta":{"_acf_changed":false,"footnotes":""},"class_list":["post-4655","page","type-page","status-publish","hentry"],"acf":[],"_links":{"self":[{"href":"https:\/\/getyourlawyer.fr\/en\/wp-json\/wp\/v2\/pages\/4655","targetHints":{"allow":["GET"]}}],"collection":[{"href":"https:\/\/getyourlawyer.fr\/en\/wp-json\/wp\/v2\/pages"}],"about":[{"href":"https:\/\/getyourlawyer.fr\/en\/wp-json\/wp\/v2\/types\/page"}],"author":[{"embeddable":true,"href":"https:\/\/getyourlawyer.fr\/en\/wp-json\/wp\/v2\/users\/6"}],"replies":[{"embeddable":true,"href":"https:\/\/getyourlawyer.fr\/en\/wp-json\/wp\/v2\/comments?post=4655"}],"version-history":[{"count":2,"href":"https:\/\/getyourlawyer.fr\/en\/wp-json\/wp\/v2\/pages\/4655\/revisions"}],"predecessor-version":[{"id":8395,"href":"https:\/\/getyourlawyer.fr\/en\/wp-json\/wp\/v2\/pages\/4655\/revisions\/8395"}],"wp:attachment":[{"href":"https:\/\/getyourlawyer.fr\/en\/wp-json\/wp\/v2\/media?parent=4655"}],"curies":[{"name":"wp","href":"https:\/\/api.w.org\/{rel}","templated":true}]}}