{"id":4639,"date":"2025-04-22T07:03:06","date_gmt":"2025-04-22T07:03:06","guid":{"rendered":"https:\/\/getyourlawyer.fr\/?page_id=4639"},"modified":"2025-12-10T17:06:42","modified_gmt":"2025-12-10T17:06:42","slug":"comment-reagir-correctement-a-une-mise-en-demeure-en-matiere-de-marques","status":"publish","type":"page","link":"https:\/\/getyourlawyer.fr\/en\/ressourcen\/guide\/corporate-law\/how-to-respond-properly-to-a-trademark-law-cease-and-desist-letter\/","title":{"rendered":"Comment r\u00e9agir correctement \u00e0 une mise en demeure en mati\u00e8re de marques ?"},"content":{"rendered":"","protected":false},"excerpt":{"rendered":"","protected":false},"author":6,"featured_media":0,"parent":0,"menu_order":340,"comment_status":"closed","ping_status":"closed","template":"page-law-detail.php","meta":{"_acf_changed":false,"footnotes":""},"class_list":["post-4639","page","type-page","status-publish","hentry"],"acf":[],"_links":{"self":[{"href":"https:\/\/getyourlawyer.fr\/en\/wp-json\/wp\/v2\/pages\/4639","targetHints":{"allow":["GET"]}}],"collection":[{"href":"https:\/\/getyourlawyer.fr\/en\/wp-json\/wp\/v2\/pages"}],"about":[{"href":"https:\/\/getyourlawyer.fr\/en\/wp-json\/wp\/v2\/types\/page"}],"author":[{"embeddable":true,"href":"https:\/\/getyourlawyer.fr\/en\/wp-json\/wp\/v2\/users\/6"}],"replies":[{"embeddable":true,"href":"https:\/\/getyourlawyer.fr\/en\/wp-json\/wp\/v2\/comments?post=4639"}],"version-history":[{"count":2,"href":"https:\/\/getyourlawyer.fr\/en\/wp-json\/wp\/v2\/pages\/4639\/revisions"}],"predecessor-version":[{"id":8397,"href":"https:\/\/getyourlawyer.fr\/en\/wp-json\/wp\/v2\/pages\/4639\/revisions\/8397"}],"wp:attachment":[{"href":"https:\/\/getyourlawyer.fr\/en\/wp-json\/wp\/v2\/media?parent=4639"}],"curies":[{"name":"wp","href":"https:\/\/api.w.org\/{rel}","templated":true}]}}