{"id":4353,"date":"2025-04-22T08:05:11","date_gmt":"2025-04-22T08:05:11","guid":{"rendered":"https:\/\/getyourlawyer.fr\/?page_id=4353"},"modified":"2025-12-10T17:08:55","modified_gmt":"2025-12-10T17:08:55","slug":"reussir-sa-sortie-les-7-strategies-que-les-fondateurs-doivent-connaitre","status":"publish","type":"page","link":"https:\/\/getyourlawyer.fr\/en\/ressourcen\/guide\/corporate-law\/successful-exit-these-7-strategies-founders-should-know\/","title":{"rendered":"R\u00e9ussir sa sortie : les 7 strat\u00e9gies que les fondateurs doivent conna\u00eetre"},"content":{"rendered":"","protected":false},"excerpt":{"rendered":"","protected":false},"author":6,"featured_media":0,"parent":0,"menu_order":180,"comment_status":"closed","ping_status":"closed","template":"page-law-detail.php","meta":{"_acf_changed":false,"footnotes":""},"class_list":["post-4353","page","type-page","status-publish","hentry"],"acf":[],"_links":{"self":[{"href":"https:\/\/getyourlawyer.fr\/en\/wp-json\/wp\/v2\/pages\/4353","targetHints":{"allow":["GET"]}}],"collection":[{"href":"https:\/\/getyourlawyer.fr\/en\/wp-json\/wp\/v2\/pages"}],"about":[{"href":"https:\/\/getyourlawyer.fr\/en\/wp-json\/wp\/v2\/types\/page"}],"author":[{"embeddable":true,"href":"https:\/\/getyourlawyer.fr\/en\/wp-json\/wp\/v2\/users\/6"}],"replies":[{"embeddable":true,"href":"https:\/\/getyourlawyer.fr\/en\/wp-json\/wp\/v2\/comments?post=4353"}],"version-history":[{"count":2,"href":"https:\/\/getyourlawyer.fr\/en\/wp-json\/wp\/v2\/pages\/4353\/revisions"}],"predecessor-version":[{"id":8410,"href":"https:\/\/getyourlawyer.fr\/en\/wp-json\/wp\/v2\/pages\/4353\/revisions\/8410"}],"wp:attachment":[{"href":"https:\/\/getyourlawyer.fr\/en\/wp-json\/wp\/v2\/media?parent=4353"}],"curies":[{"name":"wp","href":"https:\/\/api.w.org\/{rel}","templated":true}]}}