{"id":3935,"date":"2025-05-02T10:09:05","date_gmt":"2025-05-02T10:09:05","guid":{"rendered":"https:\/\/getyourlawyer.fr\/?page_id=3935"},"modified":"2025-12-10T16:59:08","modified_gmt":"2025-12-10T16:59:08","slug":"demande-dautorite-parentale-procedure-couts-et-conditions","status":"publish","type":"page","link":"https:\/\/getyourlawyer.fr\/en\/ressourcen\/guide\/family-law\/petition-for-parental-responsibility-procedure-costs-and-conditions\/","title":{"rendered":"Demande d&#8217;autorit\u00e9 parentale : proc\u00e9dure, co\u00fbts et conditions"},"content":{"rendered":"","protected":false},"excerpt":{"rendered":"","protected":false},"author":6,"featured_media":0,"parent":0,"menu_order":216,"comment_status":"closed","ping_status":"closed","template":"page-law-detail.php","meta":{"_acf_changed":false,"footnotes":""},"class_list":["post-3935","page","type-page","status-publish","hentry"],"acf":[],"_links":{"self":[{"href":"https:\/\/getyourlawyer.fr\/en\/wp-json\/wp\/v2\/pages\/3935","targetHints":{"allow":["GET"]}}],"collection":[{"href":"https:\/\/getyourlawyer.fr\/en\/wp-json\/wp\/v2\/pages"}],"about":[{"href":"https:\/\/getyourlawyer.fr\/en\/wp-json\/wp\/v2\/types\/page"}],"author":[{"embeddable":true,"href":"https:\/\/getyourlawyer.fr\/en\/wp-json\/wp\/v2\/users\/6"}],"replies":[{"embeddable":true,"href":"https:\/\/getyourlawyer.fr\/en\/wp-json\/wp\/v2\/comments?post=3935"}],"version-history":[{"count":2,"href":"https:\/\/getyourlawyer.fr\/en\/wp-json\/wp\/v2\/pages\/3935\/revisions"}],"predecessor-version":[{"id":8366,"href":"https:\/\/getyourlawyer.fr\/en\/wp-json\/wp\/v2\/pages\/3935\/revisions\/8366"}],"wp:attachment":[{"href":"https:\/\/getyourlawyer.fr\/en\/wp-json\/wp\/v2\/media?parent=3935"}],"curies":[{"name":"wp","href":"https:\/\/api.w.org\/{rel}","templated":true}]}}