{"id":3897,"date":"2025-05-02T08:53:24","date_gmt":"2025-05-02T08:53:24","guid":{"rendered":"https:\/\/getyourlawyer.fr\/?page_id=3897"},"modified":"2025-12-10T17:04:38","modified_gmt":"2025-12-10T17:04:38","slug":"regime-matrimonial-de-la-separation-de-biens-en-france-avantages-et-inconvenients","status":"publish","type":"page","link":"https:\/\/getyourlawyer.fr\/en\/ressourcen\/guide\/family-law\/separate-property-regime-in-switzerland-advantages-and-disadvantages\/","title":{"rendered":"R\u00e9gime matrimonial de la s\u00e9paration de biens en France : avantages et inconv\u00e9nients"},"content":{"rendered":"","protected":false},"excerpt":{"rendered":"","protected":false},"author":6,"featured_media":0,"parent":0,"menu_order":22,"comment_status":"closed","ping_status":"closed","template":"page-law-detail.php","meta":{"_acf_changed":false,"footnotes":""},"class_list":["post-3897","page","type-page","status-publish","hentry"],"acf":[],"_links":{"self":[{"href":"https:\/\/getyourlawyer.fr\/en\/wp-json\/wp\/v2\/pages\/3897","targetHints":{"allow":["GET"]}}],"collection":[{"href":"https:\/\/getyourlawyer.fr\/en\/wp-json\/wp\/v2\/pages"}],"about":[{"href":"https:\/\/getyourlawyer.fr\/en\/wp-json\/wp\/v2\/types\/page"}],"author":[{"embeddable":true,"href":"https:\/\/getyourlawyer.fr\/en\/wp-json\/wp\/v2\/users\/6"}],"replies":[{"embeddable":true,"href":"https:\/\/getyourlawyer.fr\/en\/wp-json\/wp\/v2\/comments?post=3897"}],"version-history":[{"count":2,"href":"https:\/\/getyourlawyer.fr\/en\/wp-json\/wp\/v2\/pages\/3897\/revisions"}],"predecessor-version":[{"id":8387,"href":"https:\/\/getyourlawyer.fr\/en\/wp-json\/wp\/v2\/pages\/3897\/revisions\/8387"}],"wp:attachment":[{"href":"https:\/\/getyourlawyer.fr\/en\/wp-json\/wp\/v2\/media?parent=3897"}],"curies":[{"name":"wp","href":"https:\/\/api.w.org\/{rel}","templated":true}]}}